{"id":20237,"date":"2022-03-24T10:57:12","date_gmt":"2022-03-24T10:57:12","guid":{"rendered":"https:\/\/lasvegas.wpresidence.net\/?page_id=20237"},"modified":"2025-12-01T16:41:44","modified_gmt":"2025-12-01T09:41:44","slug":"gioi-thieu-cong-ty-big-housing-land","status":"publish","type":"page","link":"https:\/\/bighousing.vn\/en\/gioi-thieu-cong-ty-big-housing-land\/","title":{"rendered":"B\u1ea4T \u0110\u1ed8NG S\u1ea2N BIG HOUSING LAND"},"content":{"rendered":"<p style=\"text-align: justify;\">C\u00f4ng ty TNHH Big Housing Land \u0111\u01b0\u1ee3c th\u00e0nh l\u1eadp v\u1edbi s\u1ee9 m\u1ec7nh tr\u1edf th\u00e0nh \u0111\u01a1n v\u1ecb s\u1ed1 1 trong l\u0129nh v\u1ef1c m\u00f4i gi\u1edbi <a href=\"https:\/\/vi.wikipedia.org\/wiki\/B%E1%BA%A5t_%C4%91%E1%BB%99ng_s%E1%BA%A3n\" target=\"_blank\" rel=\"noopener\">b\u1ea5t \u0111\u1ed9ng s\u1ea3n<\/a> th\u1ed5 c\u01b0 t\u1ea1i H\u00e0 N\u1ed9i.<\/p>\r\n<p style=\"text-align: justify;\">Ch\u00fang t\u00f4i chuy\u00ean nh\u1eadn k\u00fd g\u1eedi, mua b\u00e1n nh\u00e0 ri\u00eang, nh\u00e0 m\u1eb7t ph\u1ed1, \u0111\u1ea5t n\u1ec1n v\u00e0 c\u00e1c lo\u1ea1i h\u00ecnh nh\u00e0 \u0111\u1ea5t th\u1ed5 c\u01b0 t\u1ea1i c\u00e1c qu\u1eadn n\u1ed9i \u2013 ngo\u1ea1i th\u00e0nh. Tr\u1ea3i qua qu\u00e1 tr\u00ecnh ph\u00e1t tri\u1ec3n, Big Housing Land \u0111\u00e3 gi\u00fap h\u00e0ng v\u1ea1n kh\u00e1ch h\u00e0ng mua b\u00e1n th\u00e0nh c\u00f4ng, g\u00f3p ph\u1ea7n t\u0103ng t\u00ednh thanh kho\u1ea3n cho th\u1ecb tr\u01b0\u1eddng v\u00e0 mang l\u1ea1i s\u1ef1 minh b\u1ea1ch, chuy\u00ean nghi\u1ec7p cho l\u0129nh v\u1ef1c b\u1ea5t \u0111\u1ed9ng s\u1ea3n.<br \/>C\u00f4ng ty hi\u1ec7n t\u1ea1o c\u00f4ng \u0103n vi\u1ec7c l\u00e0m cho h\u00e0ng tr\u0103m nh\u00e2n s\u1ef1, v\u1edbi thu nh\u1eadp \u1ed5n \u0111\u1ecbnh v\u00e0 c\u01a1 h\u1ed9i ph\u00e1t tri\u1ec3n l\u00e2u d\u00e0i trong ng\u00e0nh.<\/p>\r\n<div id=\"attachment_21999\" style=\"width: 310px\" class=\"wp-caption aligncenter\"><a href=\"https:\/\/bighousing.vn\/wp-content\/uploads\/2025\/11\/494737334_1015354560747556_3552972688533476305_n.jpg\"><img fetchpriority=\"high\" decoding=\"async\" aria-describedby=\"caption-attachment-21999\" class=\"wp-image-21999 size-medium\" src=\"https:\/\/bighousing.vn\/wp-content\/uploads\/2025\/11\/494737334_1015354560747556_3552972688533476305_n-300x225.jpg\" alt=\"Tr\u1ee5 s\u1edf c\u00f4ng ty B\u0110S Big Housing Land\" width=\"300\" height=\"225\" srcset=\"https:\/\/bighousing.vn\/wp-content\/uploads\/2025\/11\/494737334_1015354560747556_3552972688533476305_n-300x225.jpg 300w, https:\/\/bighousing.vn\/wp-content\/uploads\/2025\/11\/494737334_1015354560747556_3552972688533476305_n-1024x768.jpg 1024w, https:\/\/bighousing.vn\/wp-content\/uploads\/2025\/11\/494737334_1015354560747556_3552972688533476305_n-768x576.jpg 768w, https:\/\/bighousing.vn\/wp-content\/uploads\/2025\/11\/494737334_1015354560747556_3552972688533476305_n.jpg 1080w\" sizes=\"(max-width: 300px) 100vw, 300px\" \/><\/a><p id=\"caption-attachment-21999\" class=\"wp-caption-text\">Tr\u1ee5 s\u1edf c\u00f4ng ty B\u0110S Big Housing Land<\/p><\/div>\r\n\r\n\r\n\r\n\r\n\r\n<h2 class=\"wp-block-heading\" data-start=\"240\" data-end=\"285\"><strong data-start=\"243\" data-end=\"285\">1. C\u01a1 C\u1ea5u T\u1ed5 Ch\u1ee9c V\u00e0 M\u00f4 H\u00ecnh Ho\u1ea1t \u0110\u1ed9ng<\/strong><\/h2>\r\n<h3 data-start=\"287\" data-end=\"327\"><strong data-start=\"291\" data-end=\"327\">\u0110\u1ed9i Ng\u0169 Kinh Doanh Chuy\u00ean Nghi\u1ec7p<\/strong><\/h3>\r\n<p style=\"text-align: justify;\" data-start=\"329\" data-end=\"599\">Big Housing Land s\u1edf h\u1eefu l\u1ef1c l\u01b0\u1ee3ng kinh doanh chuy\u00ean nghi\u1ec7p, \u0111\u01b0\u1ee3c d\u1eabn d\u1eaft b\u1edfi nh\u1eefng l\u00e3nh \u0111\u1ea1o gi\u00e0u kinh nghi\u1ec7m trong ng\u00e0nh b\u1ea5t \u0111\u1ed9ng s\u1ea3n. M\u1ed7i nh\u00e2n vi\u00ean \u0111\u1ec1u \u0111\u01b0\u1ee3c \u0111\u00e0o t\u1ea1o b\u00e0i b\u1ea3n, nh\u1eadn s\u1ef1 h\u1ed7 tr\u1ee3 s\u00e1t sao t\u1eeb qu\u1ea3n l\u00fd nh\u1eb1m t\u1ed1i \u01b0u hi\u1ec7u qu\u1ea3 c\u00f4ng vi\u1ec7c v\u00e0 \u0111\u1ea3m b\u1ea3o ch\u1ea5t l\u01b0\u1ee3ng d\u1ecbch v\u1ee5.<\/p>\r\n<h3 data-start=\"601\" data-end=\"647\"><strong data-start=\"605\" data-end=\"647\">V\u0103n H\u00f3a Doanh Nghi\u1ec7p &amp; Gi\u00e1 Tr\u1ecb C\u1ed1t L\u00f5i<\/strong><\/h3>\r\n<p style=\"text-align: justify;\" data-start=\"649\" data-end=\"881\">T\u1ea1i Big Housing Land, m\u1ed7i th\u00e0nh vi\u00ean \u0111\u1ec1u mang trong m\u00ecnh tinh th\u1ea7n <em data-start=\"716\" data-end=\"754\">k\u1ebft n\u1ed1i \u2013 s\u1ebb chia \u2013 ki\u1ebfn t\u1ea1o gi\u00e1 tr\u1ecb<\/em>. \u0110\u00e2y l\u00e0 n\u1ec1n t\u1ea3ng \u0111\u1ec3 x\u00e2y d\u1ef1ng c\u1ed9ng \u0111\u1ed3ng nh\u00e2n s\u1ef1 \u0111o\u00e0n k\u1ebft, c\u00f9ng h\u01b0\u1edbng \u0111\u1ebfn s\u1ef1 ph\u00e1t tri\u1ec3n b\u1ec1n v\u1eefng c\u1ee7a doanh nghi\u1ec7p v\u00e0 kh\u00e1ch h\u00e0ng.<\/p>\r\n<h3 data-start=\"883\" data-end=\"905\"><strong data-start=\"887\" data-end=\"905\">Quy M\u00f4 Nh\u00e2n S\u1ef1<\/strong><\/h3>\r\n<ul data-start=\"907\" data-end=\"1071\">\r\n<li data-start=\"907\" data-end=\"950\">\r\n<p data-start=\"909\" data-end=\"950\">H\u01a1n <strong data-start=\"913\" data-end=\"928\">200 nh\u00e2n s\u1ef1<\/strong> l\u00e0m vi\u1ec7c t\u1ea1i H\u00e0 N\u1ed9i<\/p>\r\n<\/li>\r\n<li data-start=\"951\" data-end=\"1004\">\r\n<p data-start=\"953\" data-end=\"1004\">\u0110\u01b0\u1ee3c <strong data-start=\"958\" data-end=\"980\">\u0111\u00e0o t\u1ea1o chuy\u00ean s\u00e2u<\/strong> theo l\u1ed9 tr\u00ecnh b\u00e0i b\u1ea3n<\/p>\r\n<\/li>\r\n<li data-start=\"1005\" data-end=\"1071\">\r\n<p data-start=\"1007\" data-end=\"1071\">Nh\u1eadn <strong data-start=\"1012\" data-end=\"1034\">s\u1ef1 h\u1ed7 tr\u1ee3 li\u00ean t\u1ee5c<\/strong> t\u1eeb h\u1ec7 th\u1ed1ng qu\u1ea3n l\u00fd v\u00e0 \u0111\u1ed3ng nghi\u1ec7p<\/p>\r\n<\/li>\r\n<\/ul>\r\n<h3 data-start=\"1073\" data-end=\"1102\"><strong data-start=\"1077\" data-end=\"1102\">Ph\u01b0\u01a1ng Ch\u00e2m Ho\u1ea1t \u0110\u1ed9ng<\/strong><\/h3>\r\n<p data-start=\"1104\" data-end=\"1167\"><strong data-start=\"1104\" data-end=\"1167\">\u201cH\u1ed7 tr\u1ee3 t\u1ed1i \u0111a \u2013 L\u00e0m vi\u1ec7c hi\u1ec7u qu\u1ea3 \u2013 Th\u00e0nh c\u00f4ng c\u00f9ng nhau.\u201d<\/strong><\/p>\r\n<h3 data-start=\"1169\" data-end=\"1207\"><strong data-start=\"1173\" data-end=\"1207\">L\u0129nh V\u1ef1c M\u00f4i Gi\u1edbi B\u1ea5t \u0110\u1ed9ng S\u1ea3n<\/strong><\/h3>\r\n<p style=\"text-align: justify;\" data-start=\"1209\" data-end=\"1284\">Big Housing Land cung c\u1ea5p \u0111\u1ea7y \u0111\u1ee7 c\u00e1c d\u1ecbch v\u1ee5 m\u00f4i gi\u1edbi mua b\u00e1n b\u1ea5t \u0111\u1ed9ng s\u1ea3n:<\/p>\r\n<ul data-start=\"1286\" data-end=\"1353\">\r\n<li data-start=\"1286\" data-end=\"1299\">\r\n<p data-start=\"1288\" data-end=\"1299\">Nh\u00e0 ri\u00eang<\/p>\r\n<\/li>\r\n<li data-start=\"1300\" data-end=\"1315\">\r\n<p data-start=\"1302\" data-end=\"1315\">Nh\u00e0 m\u1eb7t ph\u1ed1<\/p>\r\n<\/li>\r\n<li data-start=\"1316\" data-end=\"1327\">\r\n<p data-start=\"1318\" data-end=\"1327\">\u0110\u1ea5t n\u1ec1n<\/p>\r\n<\/li>\r\n<li data-start=\"1328\" data-end=\"1340\">\r\n<p data-start=\"1330\" data-end=\"1340\">Bi\u1ec7t th\u1ef1<\/p>\r\n<\/li>\r\n<li data-start=\"1341\" data-end=\"1353\">\r\n<p data-start=\"1343\" data-end=\"1353\">Chung c\u01b0<\/p>\r\n<\/li>\r\n<\/ul>\r\n<hr data-start=\"1355\" data-end=\"1358\" \/>\r\n<h2 data-start=\"1360\" data-end=\"1410\"><strong data-start=\"1363\" data-end=\"1410\">2. M\u00f4i Tr\u01b0\u1eddng L\u00e0m Vi\u1ec7c T\u1ea1i Big Housing Land<\/strong><\/h2>\r\n<p style=\"text-align: justify;\" data-start=\"1412\" data-end=\"1563\">Big Housing Land \u0111\u1ecbnh h\u01b0\u1edbng x\u00e2y d\u1ef1ng m\u00f4i tr\u01b0\u1eddng l\u00e0m vi\u1ec7c <strong data-start=\"1469\" data-end=\"1510\">chuy\u00ean nghi\u1ec7p \u2013 minh b\u1ea1ch \u2013 c\u00f4ng b\u1eb1ng<\/strong>, n\u01a1i m\u1ed7i c\u00e1 nh\u00e2n \u0111\u1ec1u c\u00f3 c\u01a1 h\u1ed9i ph\u00e1t tri\u1ec3n to\u00e0n di\u1ec7n.<\/p>\r\n<h3 data-start=\"1565\" data-end=\"1611\"><strong data-start=\"1569\" data-end=\"1611\">\u0110i\u1ec3m N\u1ed5i B\u1eadt Trong M\u00f4i Tr\u01b0\u1eddng L\u00e0m Vi\u1ec7c<\/strong><\/h3>\r\n<h4 data-start=\"1565\" data-end=\"1611\"><strong data-start=\"1618\" data-end=\"1639\">L\u00e3nh \u0110\u1ea1o T\u00e0i N\u0103ng<\/strong><\/h4>\r\n<p style=\"text-align: justify;\" data-start=\"1640\" data-end=\"1767\">\u0110\u1ed9i ng\u0169 l\u00e3nh \u0111\u1ea1o c\u00f3 t\u1ea7m nh\u00ecn chi\u1ebfn l\u01b0\u1ee3c, kinh nghi\u1ec7m d\u00e0y d\u1eb7n v\u00e0 lu\u00f4n \u0111\u1ed3ng h\u00e0nh, h\u1ed7 tr\u1ee3 nh\u00e2n vi\u00ean trong su\u1ed1t qu\u00e1 tr\u00ecnh l\u00e0m vi\u1ec7c.<\/p>\r\n<h4 data-start=\"1769\" data-end=\"1796\"><strong data-start=\"1774\" data-end=\"1796\">\u0110\u00e0o T\u1ea1o Chuy\u00ean S\u00e2u<\/strong><\/h4>\r\n<p style=\"text-align: justify;\" data-start=\"1797\" data-end=\"1927\">B\u1ed9 ph\u1eadn \u0111\u00e0o t\u1ea1o chuy\u00ean nghi\u1ec7p gi\u00fap nh\u00e2n s\u1ef1 m\u1edbi nhanh ch\u00f3ng h\u00f2a nh\u1eadp, n\u1eafm ch\u1eafc ki\u1ebfn th\u1ee9c chuy\u00ean m\u00f4n v\u00e0 ph\u00e1t tri\u1ec3n k\u1ef9 n\u0103ng b\u00e1n h\u00e0ng.<\/p>\r\n<h4 data-start=\"1929\" data-end=\"1958\"><strong data-start=\"1934\" data-end=\"1958\">M\u00f4i Tr\u01b0\u1eddng Minh B\u1ea1ch<\/strong><\/h4>\r\n<p style=\"text-align: justify;\" data-start=\"1959\" data-end=\"2076\">Kh\u00f4ng \u0111a c\u1ea5p \u2013 kh\u00f4ng ch\u1ed3ng ch\u00e9o ph\u00ed \u2013 c\u01a1 ch\u1ebf v\u1eadn h\u00e0nh r\u00f5 r\u00e0ng, gi\u00fap nh\u00e2n vi\u00ean y\u00ean t\u00e2m l\u00e0m vi\u1ec7c v\u00e0 ph\u00e1t tri\u1ec3n l\u00e2u d\u00e0i.<\/p>\r\n<h4 data-start=\"2078\" data-end=\"2114\"><strong data-start=\"2083\" data-end=\"2114\">L\u1ed9 Tr\u00ecnh Th\u0103ng Ti\u1ebfn R\u00f5 R\u00e0ng<\/strong><\/h4>\r\n<p data-start=\"2115\" data-end=\"2148\">C\u01a1 h\u1ed9i \u0111\u1ea3m nhi\u1ec7m c\u00e1c v\u1ecb tr\u00ed nh\u01b0<\/p>\r\n<ul data-start=\"2149\" data-end=\"2251\">\r\n<li data-start=\"2149\" data-end=\"2165\">\r\n<p data-start=\"2151\" data-end=\"2165\">Tr\u01b0\u1edfng nh\u00f3m<\/p>\r\n<\/li>\r\n<li data-start=\"2166\" data-end=\"2177\">\r\n<p data-start=\"2168\" data-end=\"2177\">\u0110\u1ea7u ch\u1ee7<\/p>\r\n<\/li>\r\n<\/ul>\r\n<h4 data-start=\"2253\" data-end=\"2276\"><strong data-start=\"2258\" data-end=\"2276\">Ngu\u1ed3n H\u00e0ng L\u1edbn<\/strong><\/h4>\r\n<p style=\"text-align: justify;\" data-start=\"2277\" data-end=\"2413\">Kho ngu\u1ed3n h\u00e0ng h\u01a1n <strong data-start=\"2296\" data-end=\"2315\">10.000 s\u1ea3n ph\u1ea9m<\/strong> \u0111\u01b0\u1ee3c ch\u1ecdn l\u1ecdc k\u1ef9 l\u01b0\u1ee1ng, \u0111\u1ea3m b\u1ea3o thanh kho\u1ea3n cao, gi\u00fap nh\u00e2n vi\u00ean d\u1ec5 d\u00e0ng t\u01b0 v\u1ea5n v\u00e0 ch\u1ed1t giao d\u1ecbch.<\/p>\r\n<h4 data-start=\"2415\" data-end=\"2440\"><strong data-start=\"2420\" data-end=\"2440\">Thu Nh\u1eadp H\u1ea5p D\u1eabn<\/strong><\/h4>\r\n<p style=\"text-align: justify;\" data-start=\"2441\" data-end=\"2536\">M\u1ee9c thu nh\u1eadp c\u1ea1nh tranh, c\u00f3 th\u1ec3 <strong data-start=\"2473\" data-end=\"2503\">cao g\u1ea5p \u0111\u00f4i m\u1eb7t b\u1eb1ng chung<\/strong> c\u1ee7a ng\u00e0nh m\u00f4i gi\u1edbi b\u1ea5t \u0111\u1ed9ng s\u1ea3n.<\/p>\r\n<h4 data-start=\"2538\" data-end=\"2562\"><strong data-start=\"2543\" data-end=\"2562\">Ph\u00fac L\u1ee3i \u0110\u1ea7y \u0110\u1ee7<\/strong><\/h4>\r\n<p style=\"text-align: justify;\" data-start=\"2563\" data-end=\"2718\">Big Housing Land mang \u0111\u1ebfn ph\u00fac l\u1ee3i to\u00e0n di\u1ec7n: b\u1ea3o hi\u1ec3m, du l\u1ecbch, ho\u1ea1t \u0111\u1ed9ng v\u0103n h\u00f3a \u2013 th\u1ec3 thao \u0111\u1ecbnh k\u1ef3, gi\u00fap nh\u00e2n vi\u00ean c\u00e2n b\u1eb1ng gi\u1eefa c\u00f4ng vi\u1ec7c v\u00e0 cu\u1ed9c s\u1ed1ng.<\/p>\r\n<hr data-start=\"2720\" data-end=\"2723\" \/>\r\n<h2 data-start=\"2725\" data-end=\"2743\"><strong data-start=\"2728\" data-end=\"2743\">3. K\u1ebft Lu\u1eadn<\/strong><\/h2>\r\n<p style=\"text-align: justify;\" data-start=\"2745\" data-end=\"3017\">V\u1edbi s\u1ee9 m\u1ec7nh <strong data-start=\"2757\" data-end=\"2793\">\u201cX\u00e2y d\u1ef1ng t\u01b0\u01a1ng lai th\u1ecbnh v\u01b0\u1ee3ng\u201d<\/strong>, Big Housing Land cam k\u1ebft mang \u0111\u1ebfn d\u1ecbch v\u1ee5 m\u00f4i gi\u1edbi b\u1ea5t \u0111\u1ed9ng s\u1ea3n <strong data-start=\"2859\" data-end=\"2899\">chuy\u00ean nghi\u1ec7p \u2013 minh b\u1ea1ch \u2013 hi\u1ec7u qu\u1ea3<\/strong>. Ch\u00fang t\u00f4i \u0111\u1eb7t l\u1ee3i \u00edch kh\u00e1ch h\u00e0ng l\u00e0m tr\u1ecdng t\u00e2m, \u0111\u1ea3m b\u1ea3o m\u1ed7i giao d\u1ecbch di\u1ec5n ra <strong data-start=\"2979\" data-end=\"3016\">nhanh ch\u00f3ng \u2013 ch\u00ednh x\u00e1c \u2013 an to\u00e0n<\/strong>.<\/p>\r\n<p style=\"text-align: justify;\" data-start=\"3019\" data-end=\"3296\">Kh\u00f4ng ch\u1ec9 l\u00e0 c\u1ea7u n\u1ed1i gi\u1eefa ng\u01b0\u1eddi mua v\u00e0 ng\u01b0\u1eddi b\u00e1n, Big Housing Land c\u00f2n l\u00e0 <strong data-start=\"3093\" data-end=\"3122\">\u0111\u1ed1i t\u00e1c \u0111\u1ed3ng h\u00e0nh tin c\u1eady<\/strong> trong h\u00e0nh tr\u00ecnh t\u00ecm ki\u1ebfm v\u00e0 \u0111\u1ea7u t\u01b0 b\u1ea5t \u0111\u1ed9ng s\u1ea3n t\u1ea1i H\u00e0 N\u1ed9i. Ch\u00fang t\u00f4i h\u01b0\u1edbng \u0111\u1ebfn t\u1ea1o d\u1ef1ng gi\u00e1 tr\u1ecb b\u1ec1n v\u1eefng v\u00e0 gi\u00fap kh\u00e1ch h\u00e0ng t\u1ed1i \u01b0u l\u1ee3i nhu\u1eadn t\u1eeb m\u1ed7i quy\u1ebft \u0111\u1ecbnh \u0111\u1ea7u t\u01b0.<\/p>\r\n<p><\/p>","protected":false},"excerpt":{"rendered":"<p>C\u00f4ng ty TNHH Big Housing Land \u0111\u01b0\u1ee3c th\u00e0nh l\u1eadp v\u1edbi s\u1ee9 m\u1ec7nh tr\u1edf th\u00e0nh \u0111\u01a1n v\u1ecb s\u1ed1 1 trong l\u0129nh v\u1ef1c m\u00f4i gi\u1edbi b\u1ea5t \u0111\u1ed9ng s\u1ea3n th\u1ed5 c\u01b0 t\u1ea1i H\u00e0 N\u1ed9i. Ch\u00fang t\u00f4i chuy\u00ean nh\u1eadn k\u00fd g\u1eedi, mua b\u00e1n nh\u00e0 ri\u00eang, nh\u00e0 m\u1eb7t ph\u1ed1, \u0111\u1ea5t n\u1ec1n v\u00e0 c\u00e1c lo\u1ea1i h\u00ecnh nh\u00e0 \u0111\u1ea5t th\u1ed5 c\u01b0 t\u1ea1i c\u00e1c qu\u1eadn n\u1ed9i \u2013 ngo\u1ea1i th\u00e0nh. Tr\u1ea3i qua qu\u00e1 &#8230;<\/p>","protected":false},"author":1,"featured_media":0,"parent":0,"menu_order":0,"comment_status":"closed","ping_status":"closed","template":"","meta":{"inline_featured_image":false,"footnotes":""},"class_list":["post-20237","page","type-page","status-publish","hentry"],"_links":{"self":[{"href":"https:\/\/bighousing.vn\/en\/wp-json\/wp\/v2\/pages\/20237","targetHints":{"allow":["GET"]}}],"collection":[{"href":"https:\/\/bighousing.vn\/en\/wp-json\/wp\/v2\/pages"}],"about":[{"href":"https:\/\/bighousing.vn\/en\/wp-json\/wp\/v2\/types\/page"}],"author":[{"embeddable":true,"href":"https:\/\/bighousing.vn\/en\/wp-json\/wp\/v2\/users\/1"}],"replies":[{"embeddable":true,"href":"https:\/\/bighousing.vn\/en\/wp-json\/wp\/v2\/comments?post=20237"}],"version-history":[{"count":20,"href":"https:\/\/bighousing.vn\/en\/wp-json\/wp\/v2\/pages\/20237\/revisions"}],"predecessor-version":[{"id":22816,"href":"https:\/\/bighousing.vn\/en\/wp-json\/wp\/v2\/pages\/20237\/revisions\/22816"}],"wp:attachment":[{"href":"https:\/\/bighousing.vn\/en\/wp-json\/wp\/v2\/media?parent=20237"}],"curies":[{"name":"wp","href":"https:\/\/api.w.org\/{rel}","templated":true}]}}