{"id":22609,"date":"2025-11-29T10:30:44","date_gmt":"2025-11-29T03:30:44","guid":{"rendered":"https:\/\/bighousing.vn\/?page_id=22609"},"modified":"2025-12-01T10:03:51","modified_gmt":"2025-12-01T03:03:51","slug":"lien-he","status":"publish","type":"page","link":"https:\/\/bighousing.vn\/en\/lien-he\/","title":{"rendered":"Li\u00ean H\u1ec7"},"content":{"rendered":"<div data-elementor-type=\"wp-page\" data-elementor-id=\"22609\" class=\"elementor elementor-22609\">\n\t\t\t\t<div class=\"elementor-element elementor-element-49e02d9 e-flex e-con-boxed e-con e-parent\" data-id=\"49e02d9\" data-element_type=\"container\">\n\t\t\t\t\t<div class=\"e-con-inner\">\n\t\t\t\t<div class=\"elementor-element elementor-element-8507555 elementor-widget elementor-widget-text-editor\" data-id=\"8507555\" data-element_type=\"widget\" data-widget_type=\"text-editor.default\">\n\t\t\t\t\t\t\t\t\t<p><strong data-start=\"96\" data-end=\"116\"><span dir=\"auto\" style=\"vertical-align: inherit;\">Big Housing Land<\/span><\/strong><span dir=\"auto\" style=\"vertical-align: inherit;\"> l\u00e0 \u0111\u01a1n v\u1ecb m\u00f4i gi\u1edbi b\u1ea5t \u0111\u1ed9ng s\u1ea3n uy t\u00edn t\u1ea1i H\u00e0 N\u1ed9i, quy t\u1ee5 h\u01a1n <\/span><strong data-start=\"179\" data-end=\"211\"><span dir=\"auto\" style=\"vertical-align: inherit;\">200 nh\u00e2n s\u1ef1 gi\u00e0u kinh nghi\u1ec7m<\/span><\/strong><span dir=\"auto\" style=\"vertical-align: inherit;\"> v\u00e0 nhi\u1ec7t huy\u1ebft. C\u00f4ng ty ho\u1ea1t \u0111\u1ed9ng m\u1ea1nh trong l\u0129nh v\u1ef1c ph\u00e2n ph\u1ed1i, t\u01b0 v\u1ea5n v\u00e0 \u0111\u1ea7u t\u01b0 b\u1ea5t \u0111\u1ed9ng s\u1ea3n, t\u1eadp trung v\u00e0o c\u00e1c d\u1ef1 \u00e1n ti\u1ec1m n\u0103ng t\u1ea1i khu v\u1ef1c H\u00e0 N\u1ed9i v\u00e0 v\u00f9ng l\u00e2n c\u1eadn. V\u1edbi \u0111\u1ed9i ng\u0169 chuy\u00ean nghi\u1ec7p v\u00e0 h\u1ec7 th\u1ed1ng v\u1eadn h\u00e0nh b\u00e0i b\u1ea3n, Big Housing Land cam k\u1ebft mang \u0111\u1ebfn cho kh\u00e1ch h\u00e0ng nh\u1eefng gi\u1ea3i ph\u00e1p b\u1ea5t \u0111\u1ed9ng s\u1ea3n hi\u1ec7u qu\u1ea3, minh b\u1ea1ch v\u00e0 b\u1ec1n v\u1eefng.<\/span><\/p>\t\t\t\t\t\t\t\t<\/div>\n\t\t\t\t\t<\/div>\n\t\t\t\t<\/div>\n\t\t<div class=\"elementor-element elementor-element-6f4bde1 e-flex e-con-boxed e-con e-parent\" data-id=\"6f4bde1\" data-element_type=\"container\">\n\t\t\t\t\t<div class=\"e-con-inner\">\n\t\t\t\t<div class=\"elementor-element elementor-element-6677e2b elementor-widget-divider--view-line elementor-widget elementor-widget-divider\" data-id=\"6677e2b\" data-element_type=\"widget\" data-widget_type=\"divider.default\">\n\t\t\t\t\t\t\t<div class=\"elementor-divider\">\n\t\t\t<span class=\"elementor-divider-separator\">\n\t\t\t\t\t\t<\/span>\n\t\t<\/div>\n\t\t\t\t\t\t<\/div>\n\t\t<div class=\"elementor-element elementor-element-0f01675 e-flex e-con-boxed e-con e-child\" data-id=\"0f01675\" data-element_type=\"container\">\n\t\t\t\t\t<div class=\"e-con-inner\">\n\t\t\t\t<div class=\"elementor-element elementor-element-ebd5e33 elementor-widget__width-initial elementor-widget-mobile__width-initial elementor-widget elementor-widget-text-editor\" data-id=\"ebd5e33\" data-element_type=\"widget\" data-widget_type=\"text-editor.default\">\n\t\t\t\t\t\t\t\t\t<p><strong><span style=\"font-size: 12pt; font-family: arial, helvetica, sans-serif;\">Li\u00ean H\u1ec7 V\u1edbi Ch\u00fang T\u00f4i:<\/span><\/strong><\/p>\t\t\t\t\t\t\t\t<\/div>\n\t\t<div class=\"elementor-element elementor-element-7745b73 e-grid e-con-full e-con e-child\" data-id=\"7745b73\" data-element_type=\"container\">\n\t\t\t\t<div class=\"elementor-element elementor-element-6c1d59a elementor-button-align-center elementor-widget elementor-widget-WpResidence_Contact_Form_Builder\" data-id=\"6c1d59a\" data-element_type=\"widget\" data-widget_type=\"WpResidence_Contact_Form_Builder.default\">\n\t\t\t\t<div class=\"elementor-widget-container\">\n\t\t\t\t\t\n\n\n\n\n        <form class=\"elementor-form wpresidence_elementor_form wpestate_contact_form_parent\"  id=\"wpresidence-elementor-form-6c1d59a\" method=\"post\" action=\"\" >\n            <div class=\"alert-box error\">\n                <div class=\"alert-message\" id=\"alert-agent-contact\"><\/div>\n            <\/div>\n            <input name=\"prop_id\" type=\"hidden\"  id=\"agent_property_id\" value=\"\">\n            <input name=\"prop_id\" type=\"hidden\"  id=\"agent_id\" value=\"\">\n            <input name=\"prop_id\" type=\"hidden\"  id=\"contact_form_elementor\" value=\"1\">\n            <input type=\"hidden\" name=\"contact_ajax_nonce\" id=\"agent_property_ajax_nonce\"  value=\"ac2a65c98c\" \/>\n\n            \n            \n            <input type=\"hidden\" id=\"wpresidence_form_id\" name=\"wpresidence_form_id\" value=\"wpresidence_form_433\" \/>\n        \n            <input type=\"hidden\" id=\"elementor_email_subject\" name=\"email_suject\" value=\"New email from &quot;Big Housing Land&quot; \" \/>\n\n\n            <div class=\"elementor-form-fields-wrapper elementor-labels-above\">\n        <div class=\"elementor-field-group elementor-column form-group elementor-field-group-name elementor-col-100\"><label for=\"form-field-name\" class=\"elementor-field-label\">H\u1ecd t\u00ean:<\/label><input type=\"text\" name=\"name\" id=\"form-field-name\" class=\"elementor-field form-control elementor-size-xs elementor-field-textual\"><\/div><div class=\"elementor-field-group elementor-column form-group elementor-field-group-b3fb1a7 elementor-col-100\"><label for=\"form-field-b3fb1a7\" class=\"elementor-field-label\">S\u1ed1 \u0111i\u1ec7n tho\u1ea1i:<\/label><input type=\"text\" name=\"mobile\" id=\"form-field-b3fb1a7\" class=\"elementor-field form-control elementor-size-xs elementor-field-textual\"><\/div><div class=\"elementor-field-group elementor-column form-group elementor-field-group-email elementor-col-100\"><label for=\"form-field-email\" class=\"elementor-field-label\">Email:<\/label><input type=\"email\" name=\"email\" id=\"form-field-email\" class=\"elementor-field form-control elementor-size-xs elementor-field-textual\"><\/div><div class=\"elementor-field-group elementor-column form-group elementor-field-group-message elementor-col-100\"><label for=\"form-field-message\" class=\"elementor-field-label\">L\u1eddi nh\u1eafn:<\/label><textarea class=\"form-control elementor-field-textual elementor-field elementor-size-xs\" name=\"message\" id=\"form-field-message\" rows=\"4\"><\/textarea><\/div>\n                <div class=\"elementor-field-group elementor-column elementor-field-type-submit elementor-col-100\">\n                            <button type=\"submit\" class=\"agent_submit_class_elementor wpresidence_button wpresidence_button_elementor elementor-button elementor-size-sm\">\n                    G\u1eedi Th\u00f4ng Tin                            <\/button>\n\n                <\/div>\n            <\/div>\n\n\n\n        <input type=\"hidden\" name=\"trp-form-language\" value=\"en\"\/><\/form>\n\n\n\n\n        \t\t\t\t<\/div>\n\t\t\t\t<\/div>\n\t\t\t\t<div class=\"elementor-element elementor-element-c018338 elementor-widget elementor-widget-google_maps\" data-id=\"c018338\" data-element_type=\"widget\" data-widget_type=\"google_maps.default\">\n\t\t\t\t\t\t\t<div class=\"elementor-custom-embed\">\n\t\t\t<iframe loading=\"lazy\"\n\t\t\t\t\tsrc=\"https:\/\/maps.google.com\/maps?q=TT7%20Khu%20%C4%91%E1%BA%A5u%20gi%C3%A1%20T%E1%BB%A9%20Hi%E1%BB%87p%2C%20Thanh%20Tr%C3%AC%2C%20H%C3%A0%20N%E1%BB%99i&#038;t=m&#038;z=10&#038;output=embed&#038;iwloc=near\"\n\t\t\t\t\ttitle=\"TT7 Khu \u0111\u1ea5u gi\u00e1 T\u1ee9 Hi\u1ec7p, Thanh Tr\u00ec, H\u00e0 N\u1ed9i\"\n\t\t\t\t\taria-label=\"TT7 Khu \u0111\u1ea5u gi\u00e1 T\u1ee9 Hi\u1ec7p, Thanh Tr\u00ec, H\u00e0 N\u1ed9i\"\n\t\t\t><\/iframe>\n\t\t<\/div>\n\t\t\t\t\t\t<\/div>\n\t\t\t\t<\/div>\n\t\t\t\t\t<\/div>\n\t\t\t\t<\/div>\n\t\t\t\t<div class=\"elementor-element elementor-element-5c81936 elementor-widget elementor-widget-text-editor\" data-id=\"5c81936\" data-element_type=\"widget\" data-widget_type=\"text-editor.default\">\n\t\t\t\t\t\t\t\t\t<p>C\u1ea3m \u01a1n b\u1ea1n \u0111\u00e3 quan t\u00e2m v\u00e0 \u0111\u1ec3 l\u1ea1i th\u00f4ng tin. Ch\u00fang t\u00f4i s\u1ebd li\u00ean h\u1ec7 l\u1ea1i v\u1edbi b\u1ea1n trong th\u1eddi gian s\u1edbm nh\u1ea5t.<\/p>\t\t\t\t\t\t\t\t<\/div>\n\t\t\t\t\t<\/div>\n\t\t\t\t<\/div>\n\t\t\t\t<\/div>","protected":false},"excerpt":{"rendered":"<p>Big Housing Land l\u00e0 \u0111\u01a1n v\u1ecb m\u00f4i gi\u1edbi b\u1ea5t \u0111\u1ed9ng s\u1ea3n uy t\u00edn t\u1ea1i H\u00e0 N\u1ed9i, quy t\u1ee5 h\u01a1n 200 nh\u00e2n s\u1ef1 gi\u00e0u kinh nghi\u1ec7m v\u00e0 nhi\u1ec7t huy\u1ebft. C\u00f4ng ty ho\u1ea1t \u0111\u1ed9ng m\u1ea1nh trong l\u0129nh v\u1ef1c ph\u00e2n ph\u1ed1i, t\u01b0 v\u1ea5n v\u00e0 \u0111\u1ea7u t\u01b0 b\u1ea5t \u0111\u1ed9ng s\u1ea3n, t\u1eadp trung v\u00e0o c\u00e1c d\u1ef1 \u00e1n ti\u1ec1m n\u0103ng t\u1ea1i khu v\u1ef1c H\u00e0 N\u1ed9i v\u00e0 v\u00f9ng l\u00e2n c\u1eadn. V\u1edbi &#8230;<\/p>","protected":false},"author":2,"featured_media":0,"parent":0,"menu_order":0,"comment_status":"closed","ping_status":"closed","template":"","meta":{"inline_featured_image":false,"footnotes":""},"class_list":["post-22609","page","type-page","status-publish","hentry"],"_links":{"self":[{"href":"https:\/\/bighousing.vn\/en\/wp-json\/wp\/v2\/pages\/22609","targetHints":{"allow":["GET"]}}],"collection":[{"href":"https:\/\/bighousing.vn\/en\/wp-json\/wp\/v2\/pages"}],"about":[{"href":"https:\/\/bighousing.vn\/en\/wp-json\/wp\/v2\/types\/page"}],"author":[{"embeddable":true,"href":"https:\/\/bighousing.vn\/en\/wp-json\/wp\/v2\/users\/2"}],"replies":[{"embeddable":true,"href":"https:\/\/bighousing.vn\/en\/wp-json\/wp\/v2\/comments?post=22609"}],"version-history":[{"count":86,"href":"https:\/\/bighousing.vn\/en\/wp-json\/wp\/v2\/pages\/22609\/revisions"}],"predecessor-version":[{"id":22705,"href":"https:\/\/bighousing.vn\/en\/wp-json\/wp\/v2\/pages\/22609\/revisions\/22705"}],"wp:attachment":[{"href":"https:\/\/bighousing.vn\/en\/wp-json\/wp\/v2\/media?parent=22609"}],"curies":[{"name":"wp","href":"https:\/\/api.w.org\/{rel}","templated":true}]}}